{"id":54,"date":"2024-04-09T13:01:55","date_gmt":"2024-04-09T11:01:55","guid":{"rendered":"https:\/\/parafia.radzilow.pl\/?page_id=54"},"modified":"2024-04-09T13:01:55","modified_gmt":"2024-04-09T11:01:55","slug":"kontakt","status":"publish","type":"page","link":"https:\/\/parafia.radzilow.pl\/index.php\/kontakt\/","title":{"rendered":"Kontakt"},"content":{"rendered":"\n<h3 class=\"wp-block-heading\">Proboszcz: Ks. kan. Jaros\u0142aw FILOCHOWSKI<\/h3>\n\n\n\n<p>19-213 RADZI\u0141\u00d3W, ul. Ko\u015bcielna 5<br>gm. Radzi\u0142\u00f3w, pow. grajewski, woj. podlaskie<br>e-mail: radzilow@diecezja.lomza.pl<\/p>\n","protected":false},"excerpt":{"rendered":"<p>Proboszcz: Ks. kan. Jaros\u0142aw FILOCHOWSKI 19-213 RADZI\u0141\u00d3W, ul. Ko\u015bcielna 5gm. Radzi\u0142\u00f3w, pow. grajewski, woj. podlaskiee-mail: radzilow@diecezja.lomza.pl<\/p>\n","protected":false},"author":1,"featured_media":0,"parent":0,"menu_order":0,"comment_status":"closed","ping_status":"closed","template":"","meta":{"footnotes":""},"class_list":["entry","page","publish","author-lukasz","post-54"],"_links":{"self":[{"href":"https:\/\/parafia.radzilow.pl\/index.php\/wp-json\/wp\/v2\/pages\/54","targetHints":{"allow":["GET"]}}],"collection":[{"href":"https:\/\/parafia.radzilow.pl\/index.php\/wp-json\/wp\/v2\/pages"}],"about":[{"href":"https:\/\/parafia.radzilow.pl\/index.php\/wp-json\/wp\/v2\/types\/page"}],"author":[{"embeddable":true,"href":"https:\/\/parafia.radzilow.pl\/index.php\/wp-json\/wp\/v2\/users\/1"}],"replies":[{"embeddable":true,"href":"https:\/\/parafia.radzilow.pl\/index.php\/wp-json\/wp\/v2\/comments?post=54"}],"version-history":[{"count":1,"href":"https:\/\/parafia.radzilow.pl\/index.php\/wp-json\/wp\/v2\/pages\/54\/revisions"}],"predecessor-version":[{"id":55,"href":"https:\/\/parafia.radzilow.pl\/index.php\/wp-json\/wp\/v2\/pages\/54\/revisions\/55"}],"wp:attachment":[{"href":"https:\/\/parafia.radzilow.pl\/index.php\/wp-json\/wp\/v2\/media?parent=54"}],"curies":[{"name":"wp","href":"https:\/\/api.w.org\/{rel}","templated":true}]}}