{"id":14,"date":"2024-04-09T12:45:18","date_gmt":"2024-04-09T10:45:18","guid":{"rendered":"https:\/\/parafia.radzilow.pl\/?page_id=14"},"modified":"2024-04-09T12:45:18","modified_gmt":"2024-04-09T10:45:18","slug":"kosciol-w-kramarzewie","status":"publish","type":"page","link":"https:\/\/parafia.radzilow.pl\/index.php\/kosciol-w-kramarzewie\/","title":{"rendered":"Ko\u015bci\u00f3\u0142 w Kramarzewie"},"content":{"rendered":"\n<p><strong>Msze \u015bw.<\/strong><\/p>\n\n\n\n<ul class=\"wp-block-list\">\n<li>Niedziela &#8211; 10:00<\/li>\n<\/ul>\n\n\n\n<p><strong>Historia Ko\u015bcio\u0142a w Kramarzewie<\/strong><\/p>\n\n\n\n<p>Kramarzewo znajduje si\u0119 21 kilometr\u00f3w od Grajewa, na p\u00f3\u0142nocny zach\u00f3d od Bia\u0142egostoku. W tym niepozornym miejscu znajduje si\u0119 jeden z najcenniejszych skarb\u00f3w zabytkowej architektury sakralnej Podlasia. Ko\u015bci\u00f3\u0142 filialny nale\u017cy do grupy drewnianych barokowych \u015bwi\u0105ty\u0144 na pograniczu Mazowsza i Podlasia. Ju\u017c z daleka uwag\u0119 przyci\u0105ga jego wysoka i zwarta bry\u0142a, pozbawiona wie\u017cy. W\u0105skie prezbiterium i mocny korpus nawy pokryte s\u0105 wsp\u00f3lnym dachem. Przykrywa on tak\u017ce ryzalit, czyli element wyst\u0119puj\u0105cy z fasady budynku, ale stanowi\u0105cy jego cz\u0119\u015b\u0107. W tej cz\u0119\u015bci znajduje si\u0119 kruchta, a nad ni\u0105 ch\u00f3r. Na kalenicy dachu znajduje si\u0119 sygnaturka.<\/p>\n\n\n\n<p>\u015awi\u0105tynia powsta\u0142a w 1739 roku i zanim sta\u0142a si\u0119 skarbem Kramarzewa przez ponad trzy wieki go\u015bci\u0142a wiernych z po\u0142o\u017conego 7 kilometr\u00f3w na po\u0142udnie Radzi\u0142owa. Korpus \u015bwi\u0105tyni jest murowany, natomiast pozosta\u0142e jej cz\u0119\u015bci powsta\u0142y z drewna.<\/p>\n\n\n\n<p>Warto wspomnie\u0107, \u017ce \u015bwi\u0105tynia w Radzi\u0142owie by\u0142a drug\u0105 postawion\u0105 w tym miejscu, a historia parafii si\u0119ga XV wieku. Wedle \u017ar\u00f3de\u0142 historycznych ju\u017c w 1482 roku erygowa\u0142 j\u0105 Biskup P\u0142ocki&nbsp; Piotr z Chodkowa. Inne \u017ar\u00f3d\u0142a podaj\u0105, \u017ce w 1671 \u015bwi\u0105tynia znalaz\u0142a si\u0119 w ruinie i najprawdopodobniej to sta\u0142o u podstaw decyzji o postawieniu nowej. Ta natomiast w 1983 zosta\u0142a przeniesiona do Kramarzewa.<\/p>\n\n\n\n<p>Do wn\u0119trza wchodzimy przez dwuskrzyd\u0142owe drzwi p\u0142ycinowe, czyli wykonane z litego drewna. W \u015bwi\u0105tyni warto zwr\u00f3ci\u0107 uwag\u0119 na 3 o\u0142tarze. Pochodz\u0105 one z XIX wieku. W zwie\u0144czeniu g\u0142\u00f3wnego znajduj\u0105 si\u0119 rze\u017aby \u015b\u015b. Piotra i Paw\u0142a oraz obraz \u015bwi\u0119tej Barbary. Jednym z najbardziej zapadaj\u0105cych w pami\u0119\u0107 element\u00f3w wyposa\u017cenia jest barokowa ambona w kszta\u0142cie \u0142odzi z baldachimem o kszta\u0142cie \u017cagla. Wykonano j\u0105 w 1781 roku w Pu\u0142tusku. Pi\u0119knie zdobione sklepienie podtrzymuj\u0105 drewniane kolumny.<\/p>\n\n\n\n<p>Na malowid\u0142ach mo\u017cna przeczyta\u0107 inskrypcje tak\u017ce w j\u0119zyku polskim, mi\u0119dzy innymi sentencj\u0119: \u201euczcie si\u0119 ode mnie, \u017ce jestem cichy i pokornego serca\u201d. Pochodzi ona z Ewangelii \u015bw. Mateusza, s\u0142owa te mia\u0142 wypowiedzie\u0107 Jezus Chrystus. Innym zdaniem zapisanym w polichromiach jest: \u201eOto baranek bo\u017cy, kt\u00f3ry g\u0142adzi grzechy \u015bwiata\u201d. Te s\u0142owa mia\u0142 wypowiedzie\u0107 \u015bw. Jan Chrzciciel podczas chrztu Jezusa w rzece Jordan.<\/p>\n\n\n\n<p>2 marca 2020 ko\u015bci\u00f3\u0142 otrzyma\u0142 dotacj\u0119 Ministerstwa Kultury i Dziedzictwa Narodowego na kontynuacj\u0119 prac konserwatorskich i budowlanych przy szalunku i stolarce obiektu.<\/p>\n","protected":false},"excerpt":{"rendered":"<p>Msze \u015bw. Historia Ko\u015bcio\u0142a w Kramarzewie Kramarzewo znajduje si\u0119 21 kilometr\u00f3w od Grajewa, na p\u00f3\u0142nocny zach\u00f3d od Bia\u0142egostoku. W tym niepozornym miejscu znajduje si\u0119 jeden z najcenniejszych skarb\u00f3w zabytkowej architektury sakralnej Podlasia. Ko\u015bci\u00f3\u0142 filialny nale\u017cy do grupy drewnianych barokowych \u015bwi\u0105ty\u0144 na pograniczu Mazowsza i Podlasia. Ju\u017c z daleka uwag\u0119 przyci\u0105ga jego wysoka i zwarta bry\u0142a, &#8230; <span class=\"more\"><a class=\"more-link\" href=\"https:\/\/parafia.radzilow.pl\/index.php\/kosciol-w-kramarzewie\/\">[Read more&#8230;]<\/a><\/span><\/p>\n","protected":false},"author":1,"featured_media":0,"parent":0,"menu_order":0,"comment_status":"closed","ping_status":"closed","template":"","meta":{"footnotes":""},"class_list":["entry","page","publish","author-lukasz","post-14"],"_links":{"self":[{"href":"https:\/\/parafia.radzilow.pl\/index.php\/wp-json\/wp\/v2\/pages\/14","targetHints":{"allow":["GET"]}}],"collection":[{"href":"https:\/\/parafia.radzilow.pl\/index.php\/wp-json\/wp\/v2\/pages"}],"about":[{"href":"https:\/\/parafia.radzilow.pl\/index.php\/wp-json\/wp\/v2\/types\/page"}],"author":[{"embeddable":true,"href":"https:\/\/parafia.radzilow.pl\/index.php\/wp-json\/wp\/v2\/users\/1"}],"replies":[{"embeddable":true,"href":"https:\/\/parafia.radzilow.pl\/index.php\/wp-json\/wp\/v2\/comments?post=14"}],"version-history":[{"count":1,"href":"https:\/\/parafia.radzilow.pl\/index.php\/wp-json\/wp\/v2\/pages\/14\/revisions"}],"predecessor-version":[{"id":15,"href":"https:\/\/parafia.radzilow.pl\/index.php\/wp-json\/wp\/v2\/pages\/14\/revisions\/15"}],"wp:attachment":[{"href":"https:\/\/parafia.radzilow.pl\/index.php\/wp-json\/wp\/v2\/media?parent=14"}],"curies":[{"name":"wp","href":"https:\/\/api.w.org\/{rel}","templated":true}]}}