{"id":11,"date":"2024-04-09T12:44:18","date_gmt":"2024-04-09T10:44:18","guid":{"rendered":"https:\/\/parafia.radzilow.pl\/?page_id=11"},"modified":"2024-04-09T12:44:18","modified_gmt":"2024-04-09T10:44:18","slug":"kosciol-w-radzilowie","status":"publish","type":"page","link":"https:\/\/parafia.radzilow.pl\/index.php\/kosciol-w-radzilowie\/","title":{"rendered":"Ko\u015bci\u00f3\u0142 w Radzi\u0142owie"},"content":{"rendered":"\n<p><strong>Msze \u015bw.<\/strong><\/p>\n\n\n\n<ul class=\"wp-block-list\">\n<li>Niedziela &#8211; 8:00 i 11:30<\/li>\n\n\n\n<li>Dni powszednie &#8211; 7:00 i 7:30<\/li>\n<\/ul>\n","protected":false},"excerpt":{"rendered":"<p>Msze \u015bw.<\/p>\n","protected":false},"author":1,"featured_media":0,"parent":0,"menu_order":0,"comment_status":"closed","ping_status":"closed","template":"","meta":{"footnotes":""},"class_list":["entry","page","publish","author-lukasz","post-11"],"_links":{"self":[{"href":"https:\/\/parafia.radzilow.pl\/index.php\/wp-json\/wp\/v2\/pages\/11","targetHints":{"allow":["GET"]}}],"collection":[{"href":"https:\/\/parafia.radzilow.pl\/index.php\/wp-json\/wp\/v2\/pages"}],"about":[{"href":"https:\/\/parafia.radzilow.pl\/index.php\/wp-json\/wp\/v2\/types\/page"}],"author":[{"embeddable":true,"href":"https:\/\/parafia.radzilow.pl\/index.php\/wp-json\/wp\/v2\/users\/1"}],"replies":[{"embeddable":true,"href":"https:\/\/parafia.radzilow.pl\/index.php\/wp-json\/wp\/v2\/comments?post=11"}],"version-history":[{"count":1,"href":"https:\/\/parafia.radzilow.pl\/index.php\/wp-json\/wp\/v2\/pages\/11\/revisions"}],"predecessor-version":[{"id":12,"href":"https:\/\/parafia.radzilow.pl\/index.php\/wp-json\/wp\/v2\/pages\/11\/revisions\/12"}],"wp:attachment":[{"href":"https:\/\/parafia.radzilow.pl\/index.php\/wp-json\/wp\/v2\/media?parent=11"}],"curies":[{"name":"wp","href":"https:\/\/api.w.org\/{rel}","templated":true}]}}